{"id":94,"date":"2025-09-28T17:16:10","date_gmt":"2025-09-28T17:16:10","guid":{"rendered":"http:\/\/residencialfazendadailha.com.br\/?page_id=94"},"modified":"2025-09-28T17:19:17","modified_gmt":"2025-09-28T17:19:17","slug":"principais-atividades-e-infraestrutura-do-condominio-fazenda-da-ilha","status":"publish","type":"page","link":"https:\/\/residencialfazendadailha.com.br\/?page_id=94","title":{"rendered":"Sobre o fazenda"},"content":{"rendered":"\n<h2>Principais atividades e infraestrutura do Condom\u00ednio Fazenda da Ilha<\/h2>\n\n\n\n<ul id=\"block-7066267a-495c-4d71-8206-cde35f82d64a\"><li>Lazer e entretenimento<ul><li>Duas \u00e1reas de lazer com quadras esportivas da v\u00e1rias modalidades (futebol, t\u00eanis quadras poliesportivas).<\/li><li>Tr\u00eas lagos, com op\u00e7\u00f5es de pesca, navega\u00e7\u00e3o a remo ou simplesmente contempla\u00e7\u00e3o da natureza.<\/li><li>Sede social, restaurante e lanchonete dentro do condom\u00ednio.<\/li><li>Sal\u00e3o de festa \/ Sal\u00e3o de eventos; sal\u00e3o de jogos.<\/li><li>Playground\/ Parques infantis.<\/li><li>Pista de caminhada, trilhas, pista de cooper.<\/li><\/ul><\/li><li>Servi\u00e7os de bem-estar \/ atividade comunit\u00e1rias<ul><li>Programa\u00e7\u00e3o de atividades esportivas, recreativas e de lazer para moradores.<\/li><li>Espa\u00e7o para pratica de condicionamento fis\u00edco, academias.<\/li><li>Atividades especiais como yoga, GAP(ginasticas abdominal gl\u00fateo e pernas), Viva 60+, etc.<\/li><\/ul><\/li><li>Infraestrutura, natureza e preserva\u00e7\u00e3o ambiental.<ul><li>Terrenos relativamente grandes: m\u00e9dia de ~800 m\u00b2 por lote unifamiliar.<\/li><li>\u00c1rea total do empreendimento: cerca de 463 hectares.<\/li><li>Vias pavimentadas de boas extens\u00e3o: ~26 km de ruas pavimentadas.<\/li><li>Dois po\u00e7os de capta\u00e7\u00e3o de \u00e1gua para atendimento do associado.<\/li><li>Grande parte da \u00e1rea preservada: vegeta\u00e7\u00e3o nativa de fundo, \u00e1reas de reserva ambiental, mananciais, \u00e1rea de manacial da bacia do Guarapiranga.<\/li><\/ul><\/li><li>Seguran\u00e7a e comodidade<ul><li>Portaria 24 horas, vigil\u00e2ncia.<\/li><li>Infraestrutura interna: ruas asfaltadas, sistema de \u00e1gua, rede de servi\u00e7os.<\/li><li>Restaurante interno, para conveni\u00eancia dos moradores.<\/li><\/ul><\/li><\/ul>\n","protected":false},"excerpt":{"rendered":"<p>Principais atividades e infraestrutura do Condom\u00ednio Fazenda da Ilha Lazer e entretenimento Duas \u00e1reas de lazer com quadras esportivas da v\u00e1rias modalidades (futebol, t\u00eanis quadras poliesportivas). Tr\u00eas lagos, com op\u00e7\u00f5es&hellip;<\/p>\n","protected":false},"author":1,"featured_media":0,"parent":0,"menu_order":0,"comment_status":"closed","ping_status":"closed","template":"","meta":[],"_links":{"self":[{"href":"https:\/\/residencialfazendadailha.com.br\/index.php?rest_route=\/wp\/v2\/pages\/94"}],"collection":[{"href":"https:\/\/residencialfazendadailha.com.br\/index.php?rest_route=\/wp\/v2\/pages"}],"about":[{"href":"https:\/\/residencialfazendadailha.com.br\/index.php?rest_route=\/wp\/v2\/types\/page"}],"author":[{"embeddable":true,"href":"https:\/\/residencialfazendadailha.com.br\/index.php?rest_route=\/wp\/v2\/users\/1"}],"replies":[{"embeddable":true,"href":"https:\/\/residencialfazendadailha.com.br\/index.php?rest_route=%2Fwp%2Fv2%2Fcomments&post=94"}],"version-history":[{"count":3,"href":"https:\/\/residencialfazendadailha.com.br\/index.php?rest_route=\/wp\/v2\/pages\/94\/revisions"}],"predecessor-version":[{"id":97,"href":"https:\/\/residencialfazendadailha.com.br\/index.php?rest_route=\/wp\/v2\/pages\/94\/revisions\/97"}],"wp:attachment":[{"href":"https:\/\/residencialfazendadailha.com.br\/index.php?rest_route=%2Fwp%2Fv2%2Fmedia&parent=94"}],"curies":[{"name":"wp","href":"https:\/\/api.w.org\/{rel}","templated":true}]}}